{"id":833,"date":"2023-06-12T18:30:48","date_gmt":"2023-06-12T18:30:48","guid":{"rendered":"https:\/\/wordpress.validthemes.net\/dilabs\/?page_id=833"},"modified":"2025-08-24T17:52:58","modified_gmt":"2025-08-24T15:52:58","slug":"kontakt","status":"publish","type":"page","link":"https:\/\/elspect.pl\/index.php\/kontakt\/","title":{"rendered":"Kontakt"},"content":{"rendered":"\t\t<div data-elementor-type=\"wp-page\" data-elementor-id=\"833\" class=\"elementor elementor-833\" data-elementor-post-type=\"page\">\n\t\t\t\t<div class=\"elementor-element elementor-element-46c5323 e-con-full e-flex e-con e-parent\" data-id=\"46c5323\" data-element_type=\"container\" data-e-type=\"container\" data-settings=\"{&quot;background_background&quot;:&quot;classic&quot;}\">\n\t\t<div class=\"elementor-element elementor-element-d7d03b2 e-con-full e-flex e-con e-child\" data-id=\"d7d03b2\" data-element_type=\"container\" data-e-type=\"container\">\n\t\t\t\t<div class=\"elementor-element elementor-element-e48ff6e elementor-widget elementor-widget-menu-anchor\" data-id=\"e48ff6e\" data-element_type=\"widget\" data-e-type=\"widget\" data-widget_type=\"menu-anchor.default\">\n\t\t\t\t<div class=\"elementor-widget-container\">\n\t\t\t\t\t\t\t<div class=\"elementor-menu-anchor\" id=\"formularz-kontaktowy\"><\/div>\n\t\t\t\t\t\t<\/div>\n\t\t\t\t<\/div>\n\t\t\t\t<div class=\"elementor-element elementor-element-115e6a4 elementor-widget elementor-widget-dilabscontactinfo\" data-id=\"115e6a4\" data-element_type=\"widget\" data-e-type=\"widget\" data-widget_type=\"dilabscontactinfo.default\">\n\t\t\t\t<div class=\"elementor-widget-container\">\n\t\t\t\t\t<div class=\"contact-area overflow-hidden default-padding\" style=\"background-image: url(https:\/\/elspect.pl\/wp-content\/uploads\/2024\/11\/background-contact-2.png);\"><div class=\"shape-right-bottom\"><img decoding=\"async\" src=\"\" alt=\"Shape\"><\/div><div class=\"container\"><div class=\"row align-center\"><div class=\"col-tact-stye-one col-lg-5\"><div class=\"contact-style-one-info\"><div class=\"mb-40\"><h2>Dane Kontaktowe<\/h2><\/div><ul class=\"contact-address\"><li class=\"wow fadeInUp\"><div class=\"content\"><h4 class=\"title\">Phone<\/h4><a href=\"tel:+48697568747\">+48 697 568 747<\/a><\/div><\/li><li class=\"wow fadeInUp\" data-wow-delay=\"300ms\"><div class=\"info\"><h4 class=\"title\">Adres<\/h4><p>ul. Kruszcowa 4,\n41-902 Bytom<\/p><\/div><\/li><li class=\"wow fadeInUp\" data-wow-delay=\"500ms\"><div class=\"info\"><h4 class=\"title\">E-mail<\/h4><a href=\"mailto:biuro@elspect.pl\">biuro@elspect.pl<\/a><\/div><\/li><li class=\"wow fadeInUp\" data-wow-delay=\"700ms\"><div class=\"info\"> <h4 class=\"title\">Zaobserwuj nas<\/h4><ul class=\"social-link\"> <li><a  target=\"_blank\" rel=\"nofollow\" href=\"https:\/\/www.facebook.com\/elspectpomiaryelektryczne\"><i aria-hidden=\"true\" class=\"fab fa-facebook-f\"><\/i><\/a>  <\/li><\/ul><\/div><\/li><\/ul><\/div><\/div><div class=\"col-tact-stye-one col-lg-6 offset-lg-1\"><div class=\"contact-form-style-one\"><h4 class=\"sub-title\">Chcesz zaoszcz\u0119dzi\u0107 na kosztach energii elektrycznej w swoim przedsi\u0119biorstwie?<\/h4> <h2 class=\"title\">Wype\u0142nij formularz<\/h2>\n<div class=\"wpcf7 no-js\" id=\"wpcf7-f609-o1\" lang=\"en-US\" dir=\"ltr\" data-wpcf7-id=\"609\">\n<div class=\"screen-reader-response\"><p role=\"status\" aria-live=\"polite\" aria-atomic=\"true\"><\/p> <ul><\/ul><\/div>\n<form action=\"\/index.php\/wp-json\/wp\/v2\/pages\/833#wpcf7-f609-o1\" method=\"post\" class=\"wpcf7-form init\" aria-label=\"Contact form\" novalidate=\"novalidate\" data-status=\"init\">\n<fieldset class=\"hidden-fields-container\"><input type=\"hidden\" name=\"_wpcf7\" value=\"609\" \/><input type=\"hidden\" name=\"_wpcf7_version\" value=\"6.1.5\" \/><input type=\"hidden\" name=\"_wpcf7_locale\" value=\"en_US\" \/><input type=\"hidden\" name=\"_wpcf7_unit_tag\" value=\"wpcf7-f609-o1\" \/><input type=\"hidden\" name=\"_wpcf7_container_post\" value=\"0\" \/><input type=\"hidden\" name=\"_wpcf7_posted_data_hash\" value=\"\" \/>\n<\/fieldset>\n<div class=\"contact-form contact-form\">\n\t<div class=\"row\">\n\t\t<div class=\"col-lg-12\">\n\t\t\t<div class=\"form-group\">\n\t\t\t\t<p><span class=\"wpcf7-form-control-wrap\" data-name=\"text-903\"><input size=\"40\" maxlength=\"400\" class=\"wpcf7-form-control wpcf7-text wpcf7-validates-as-required form-control\" id=\"text-903\" aria-required=\"true\" aria-invalid=\"false\" placeholder=\"Nazwa firmy\" value=\"\" type=\"text\" name=\"text-903\" \/><\/span>\n\t\t\t\t<\/p>\n\t\t\t<\/div>\n\t\t<\/div>\n\t<\/div>\n\t<div class=\"row\">\n\t\t<div class=\"col-lg-6\">\n\t\t\t<div class=\"form-group\">\n\t\t\t\t<p><span class=\"wpcf7-form-control-wrap\" data-name=\"email-58\"><input size=\"40\" maxlength=\"400\" class=\"wpcf7-form-control wpcf7-email wpcf7-validates-as-required wpcf7-text wpcf7-validates-as-email form-control\" id=\"email-58\" aria-required=\"true\" aria-invalid=\"false\" placeholder=\"Email*\" value=\"\" type=\"email\" name=\"email-58\" \/><\/span>\n\t\t\t\t<\/p>\n\t\t\t<\/div>\n\t\t<\/div>\n\t\t<div class=\"col-lg-6\">\n\t\t\t<div class=\"form-group\">\n\t\t\t\t<p><span class=\"wpcf7-form-control-wrap\" data-name=\"text-238\"><input size=\"40\" maxlength=\"400\" class=\"wpcf7-form-control wpcf7-text form-control\" id=\"text-238\" aria-invalid=\"false\" placeholder=\"Telefon\" value=\"\" type=\"text\" name=\"text-238\" \/><\/span>\n\t\t\t\t<\/p>\n\t\t\t<\/div>\n\t\t<\/div>\n\t<\/div>\n\t<div class=\"row\">\n\t\t<div class=\"col-lg-12\">\n\t\t\t<p>Powiedz nam jak mo\u017cemy Ci pom\u00f3c\n\t\t\t<\/p>\n\t\t\t<div class=\"form-group comments\">\n\t\t\t\t<p><span class=\"wpcf7-form-control-wrap\" data-name=\"checkbox-364\"><span class=\"wpcf7-form-control wpcf7-checkbox wpcf7-validates-as-required\"><span class=\"wpcf7-list-item first\"><label><input type=\"checkbox\" name=\"checkbox-364[]\" value=\"Redukcja Koszt\u00f3w poprzez Kompensacj\u0119 Mocy Biernej\" \/><span class=\"wpcf7-list-item-label\">Redukcja Koszt\u00f3w poprzez Kompensacj\u0119 Mocy Biernej<\/span><\/label><\/span><span class=\"wpcf7-list-item\"><label><input type=\"checkbox\" name=\"checkbox-364[]\" value=\"Diagnoza Energetyczna i Audyty Efektywno\u015bci\" \/><span class=\"wpcf7-list-item-label\">Diagnoza Energetyczna i Audyty Efektywno\u015bci<\/span><\/label><\/span><span class=\"wpcf7-list-item\"><label><input type=\"checkbox\" name=\"checkbox-364[]\" value=\"Analiza i Optymalizacja Koszt\u00f3w Energetycznych\" \/><span class=\"wpcf7-list-item-label\">Analiza i Optymalizacja Koszt\u00f3w Energetycznych<\/span><\/label><\/span><span class=\"wpcf7-list-item\"><label><input type=\"checkbox\" name=\"checkbox-364[]\" value=\"Zarz\u0105dzanie Kompleksowymi Projektami Elektrycznymi\" \/><span class=\"wpcf7-list-item-label\">Zarz\u0105dzanie Kompleksowymi Projektami Elektrycznymi<\/span><\/label><\/span><span class=\"wpcf7-list-item\"><label><input type=\"checkbox\" name=\"checkbox-364[]\" value=\"Modernizacja i Optymalizacja System\u00f3w Elektrycznych\" \/><span class=\"wpcf7-list-item-label\">Modernizacja i Optymalizacja System\u00f3w Elektrycznych<\/span><\/label><\/span><span class=\"wpcf7-list-item last\"><label><input type=\"checkbox\" name=\"checkbox-364[]\" value=\"Proaktywny Monitoring Stanu Instalacji\" \/><span class=\"wpcf7-list-item-label\">Proaktywny Monitoring Stanu Instalacji<\/span><\/label><\/span><\/span><\/span>\n\t\t\t\t<\/p>\n\t\t\t<\/div>\n\t\t<\/div>\n\t<\/div>\n\t<div class=\"sky-acceptance\">\n\t\t<p><span class=\"wpcf7-form-control-wrap\" data-name=\"accept-2\"><span class=\"wpcf7-form-control wpcf7-acceptance\"><span class=\"wpcf7-list-item\"><label><input type=\"checkbox\" name=\"accept-2\" value=\"1\" aria-invalid=\"false\" \/><span class=\"wpcf7-list-item-label\">Wyra\u017cam zgod\u0119 na przetwarzanie moich danych osobowych zgodnie z Og\u00f3lnym Rozporz\u0105dzeniem o Ochronie Danych w zwi\u0105zku z przes\u0142aniem zapytania ofertowego za po\u015brednictwem formularza kontaktowego. Podanie danych jest dobrowolne, ale niezb\u0119dne do przetworzenia zapytania.<\/span><\/label><\/span><\/span><\/span>\n\t\t<\/p>\n\t<\/div>\n\t<div class=\"row\">\n\t\t<div class=\"col-lg-12\">\n\t\t\t<p><button type=\"submit\" class=\"wpcf7\" name=\"submit\" id=\"submit\"><i class=\"fa fa-paper-plane\"><\/i> Wy\u015blij wiadomo\u015b\u0107<\/button>\n\t\t\t<\/p>\n\t\t<\/div>\n\t<\/div>\n <!-- Alert Message -->\n\t<div class=\"col-lg-12 alert-notification\">\n\t\t<div id=\"message\" class=\"alert-msg\">\n\t\t<\/div>\n\t<\/div>\n<\/div><div class=\"wpcf7-response-output\" aria-hidden=\"true\"><\/div>\n<\/form>\n<\/div>\n<\/div><\/div><\/div><\/div><\/div>\t\t\t\t<\/div>\n\t\t\t\t<\/div>\n\t\t\t\t<\/div>\n\t\t\t\t<\/div>\n\t\t<div class=\"elementor-element elementor-element-7e906e1 e-con-full e-flex e-con e-parent\" data-id=\"7e906e1\" data-element_type=\"container\" data-e-type=\"container\">\n\t\t\t\t<div class=\"elementor-element elementor-element-b8ac11b elementor-widget elementor-widget-google_maps\" data-id=\"b8ac11b\" data-element_type=\"widget\" data-e-type=\"widget\" data-widget_type=\"google_maps.default\">\n\t\t\t\t<div class=\"elementor-widget-container\">\n\t\t\t\t\t\t\t<div class=\"elementor-custom-embed\">\n\t\t\t<iframe loading=\"lazy\"\n\t\t\t\t\tsrc=\"https:\/\/maps.google.com\/maps?q=el%20spec%20ul.%20Kruszcowa%204%2C%2041-902%20Bytom&#038;t=m&#038;z=10&#038;output=embed&#038;iwloc=near\"\n\t\t\t\t\ttitle=\"el spec ul. Kruszcowa 4, 41-902 Bytom\"\n\t\t\t\t\taria-label=\"el spec ul. Kruszcowa 4, 41-902 Bytom\"\n\t\t\t><\/iframe>\n\t\t<\/div>\n\t\t\t\t\t\t<\/div>\n\t\t\t\t<\/div>\n\t\t\t\t<\/div>\n\t\t\t\t<\/div>\n\t\t","protected":false},"excerpt":{"rendered":"<p>Dane Kontaktowe Phone +48 697 568 747 Adres ul. Kruszcowa 4, 41-902 Bytom E-mail biuro@elspect.pl Zaobserwuj nas Chcesz zaoszcz\u0119dzi\u0107 na kosztach energii elektrycznej w swoim przedsi\u0119biorstwie? Wype\u0142nij formularz Powiedz nam jak mo\u017cemy Ci pom\u00f3c Redukcja Koszt\u00f3w poprzez Kompensacj\u0119 Mocy BiernejDiagnoza Energetyczna i Audyty Efektywno\u015bciAnaliza i Optymalizacja Koszt\u00f3w EnergetycznychZarz\u0105dzanie Kompleksowymi Projektami ElektrycznymiModernizacja i Optymalizacja System\u00f3w ElektrycznychProaktywny&#8230;<\/p>\n","protected":false},"author":1,"featured_media":0,"parent":0,"menu_order":0,"comment_status":"closed","ping_status":"closed","template":"template-builder.php","meta":{"_acf_changed":false,"footnotes":""},"class_list":["post-833","page","type-page","status-publish","hentry"],"acf":[],"yoast_head":"<!-- This site is optimized with the Yoast SEO plugin v27.1.1 - https:\/\/yoast.com\/product\/yoast-seo-wordpress\/ -->\n<title>Kontakt - Elspect - Pomiary Elektryczne<\/title>\n<meta name=\"robots\" content=\"index, follow, max-snippet:-1, max-image-preview:large, max-video-preview:-1\" \/>\n<link rel=\"canonical\" href=\"https:\/\/elspect.pl\/index.php\/kontakt\/\" \/>\n<meta property=\"og:locale\" content=\"pl_PL\" \/>\n<meta property=\"og:type\" content=\"article\" \/>\n<meta property=\"og:title\" content=\"Kontakt - Elspect - Pomiary Elektryczne\" \/>\n<meta property=\"og:description\" content=\"Dane Kontaktowe Phone +48 697 568 747 Adres ul. Kruszcowa 4, 41-902 Bytom E-mail biuro@elspect.pl Zaobserwuj nas Chcesz zaoszcz\u0119dzi\u0107 na kosztach energii elektrycznej w swoim przedsi\u0119biorstwie? Wype\u0142nij formularz Powiedz nam jak mo\u017cemy Ci pom\u00f3c Redukcja Koszt\u00f3w poprzez Kompensacj\u0119 Mocy BiernejDiagnoza Energetyczna i Audyty Efektywno\u015bciAnaliza i Optymalizacja Koszt\u00f3w EnergetycznychZarz\u0105dzanie Kompleksowymi Projektami ElektrycznymiModernizacja i Optymalizacja System\u00f3w ElektrycznychProaktywny...\" \/>\n<meta property=\"og:url\" content=\"https:\/\/elspect.pl\/index.php\/kontakt\/\" \/>\n<meta property=\"og:site_name\" content=\"Elspect - Pomiary Elektryczne\" \/>\n<meta property=\"article:modified_time\" content=\"2025-08-24T15:52:58+00:00\" \/>\n<meta name=\"twitter:card\" content=\"summary_large_image\" \/>\n<meta name=\"twitter:label1\" content=\"Szacowany czas czytania\" \/>\n\t<meta name=\"twitter:data1\" content=\"1 minuta\" \/>\n<script type=\"application\/ld+json\" class=\"yoast-schema-graph\">{\"@context\":\"https:\/\/schema.org\",\"@graph\":[{\"@type\":\"WebPage\",\"@id\":\"https:\/\/elspect.pl\/index.php\/kontakt\/\",\"url\":\"https:\/\/elspect.pl\/index.php\/kontakt\/\",\"name\":\"Kontakt - Elspect - Pomiary Elektryczne\",\"isPartOf\":{\"@id\":\"https:\/\/elspect.pl\/#website\"},\"datePublished\":\"2023-06-12T18:30:48+00:00\",\"dateModified\":\"2025-08-24T15:52:58+00:00\",\"breadcrumb\":{\"@id\":\"https:\/\/elspect.pl\/index.php\/kontakt\/#breadcrumb\"},\"inLanguage\":\"pl-PL\",\"potentialAction\":[{\"@type\":\"ReadAction\",\"target\":[\"https:\/\/elspect.pl\/index.php\/kontakt\/\"]}]},{\"@type\":\"BreadcrumbList\",\"@id\":\"https:\/\/elspect.pl\/index.php\/kontakt\/#breadcrumb\",\"itemListElement\":[{\"@type\":\"ListItem\",\"position\":1,\"name\":\"Strona g\u0142\u00f3wna\",\"item\":\"https:\/\/elspect.pl\/\"},{\"@type\":\"ListItem\",\"position\":2,\"name\":\"Kontakt\"}]},{\"@type\":\"WebSite\",\"@id\":\"https:\/\/elspect.pl\/#website\",\"url\":\"https:\/\/elspect.pl\/\",\"name\":\"Elspect - Pomiary Elektryczne\",\"description\":\"Przekszta\u0142\u0107 energi\u0119 w oszcz\u0119dno\u015bci z ELSPECT Group.\",\"potentialAction\":[{\"@type\":\"SearchAction\",\"target\":{\"@type\":\"EntryPoint\",\"urlTemplate\":\"https:\/\/elspect.pl\/?s={search_term_string}\"},\"query-input\":{\"@type\":\"PropertyValueSpecification\",\"valueRequired\":true,\"valueName\":\"search_term_string\"}}],\"inLanguage\":\"pl-PL\"}]}<\/script>\n<!-- \/ Yoast SEO plugin. -->","yoast_head_json":{"title":"Kontakt - Elspect - Pomiary Elektryczne","robots":{"index":"index","follow":"follow","max-snippet":"max-snippet:-1","max-image-preview":"max-image-preview:large","max-video-preview":"max-video-preview:-1"},"canonical":"https:\/\/elspect.pl\/index.php\/kontakt\/","og_locale":"pl_PL","og_type":"article","og_title":"Kontakt - Elspect - Pomiary Elektryczne","og_description":"Dane Kontaktowe Phone +48 697 568 747 Adres ul. Kruszcowa 4, 41-902 Bytom E-mail biuro@elspect.pl Zaobserwuj nas Chcesz zaoszcz\u0119dzi\u0107 na kosztach energii elektrycznej w swoim przedsi\u0119biorstwie? Wype\u0142nij formularz Powiedz nam jak mo\u017cemy Ci pom\u00f3c Redukcja Koszt\u00f3w poprzez Kompensacj\u0119 Mocy BiernejDiagnoza Energetyczna i Audyty Efektywno\u015bciAnaliza i Optymalizacja Koszt\u00f3w EnergetycznychZarz\u0105dzanie Kompleksowymi Projektami ElektrycznymiModernizacja i Optymalizacja System\u00f3w ElektrycznychProaktywny...","og_url":"https:\/\/elspect.pl\/index.php\/kontakt\/","og_site_name":"Elspect - Pomiary Elektryczne","article_modified_time":"2025-08-24T15:52:58+00:00","twitter_card":"summary_large_image","twitter_misc":{"Szacowany czas czytania":"1 minuta"},"schema":{"@context":"https:\/\/schema.org","@graph":[{"@type":"WebPage","@id":"https:\/\/elspect.pl\/index.php\/kontakt\/","url":"https:\/\/elspect.pl\/index.php\/kontakt\/","name":"Kontakt - Elspect - Pomiary Elektryczne","isPartOf":{"@id":"https:\/\/elspect.pl\/#website"},"datePublished":"2023-06-12T18:30:48+00:00","dateModified":"2025-08-24T15:52:58+00:00","breadcrumb":{"@id":"https:\/\/elspect.pl\/index.php\/kontakt\/#breadcrumb"},"inLanguage":"pl-PL","potentialAction":[{"@type":"ReadAction","target":["https:\/\/elspect.pl\/index.php\/kontakt\/"]}]},{"@type":"BreadcrumbList","@id":"https:\/\/elspect.pl\/index.php\/kontakt\/#breadcrumb","itemListElement":[{"@type":"ListItem","position":1,"name":"Strona g\u0142\u00f3wna","item":"https:\/\/elspect.pl\/"},{"@type":"ListItem","position":2,"name":"Kontakt"}]},{"@type":"WebSite","@id":"https:\/\/elspect.pl\/#website","url":"https:\/\/elspect.pl\/","name":"Elspect - Pomiary Elektryczne","description":"Przekszta\u0142\u0107 energi\u0119 w oszcz\u0119dno\u015bci z ELSPECT Group.","potentialAction":[{"@type":"SearchAction","target":{"@type":"EntryPoint","urlTemplate":"https:\/\/elspect.pl\/?s={search_term_string}"},"query-input":{"@type":"PropertyValueSpecification","valueRequired":true,"valueName":"search_term_string"}}],"inLanguage":"pl-PL"}]}},"_links":{"self":[{"href":"https:\/\/elspect.pl\/index.php\/wp-json\/wp\/v2\/pages\/833","targetHints":{"allow":["GET"]}}],"collection":[{"href":"https:\/\/elspect.pl\/index.php\/wp-json\/wp\/v2\/pages"}],"about":[{"href":"https:\/\/elspect.pl\/index.php\/wp-json\/wp\/v2\/types\/page"}],"author":[{"embeddable":true,"href":"https:\/\/elspect.pl\/index.php\/wp-json\/wp\/v2\/users\/1"}],"replies":[{"embeddable":true,"href":"https:\/\/elspect.pl\/index.php\/wp-json\/wp\/v2\/comments?post=833"}],"version-history":[{"count":41,"href":"https:\/\/elspect.pl\/index.php\/wp-json\/wp\/v2\/pages\/833\/revisions"}],"predecessor-version":[{"id":3709,"href":"https:\/\/elspect.pl\/index.php\/wp-json\/wp\/v2\/pages\/833\/revisions\/3709"}],"wp:attachment":[{"href":"https:\/\/elspect.pl\/index.php\/wp-json\/wp\/v2\/media?parent=833"}],"curies":[{"name":"wp","href":"https:\/\/api.w.org\/{rel}","templated":true}]}}