{"id":679,"date":"2023-06-11T18:32:52","date_gmt":"2023-06-11T18:32:52","guid":{"rendered":"https:\/\/wordpress.validthemes.net\/dilabs\/?page_id=679"},"modified":"2024-06-14T14:58:25","modified_gmt":"2024-06-14T12:58:25","slug":"pricing","status":"publish","type":"page","link":"https:\/\/elspect.pl\/index.php\/pricing\/","title":{"rendered":"Pricing"},"content":{"rendered":"\t\t<div data-elementor-type=\"wp-page\" data-elementor-id=\"679\" class=\"elementor elementor-679\" data-elementor-post-type=\"page\">\n\t\t\t\t\t\t<section class=\"elementor-section elementor-top-section elementor-element elementor-element-9de08be elementor-section-full_width elementor-section-height-default elementor-section-height-default\" data-id=\"9de08be\" data-element_type=\"section\" data-e-type=\"section\">\n\t\t\t\t\t\t<div class=\"elementor-container elementor-column-gap-no\">\n\t\t\t\t\t<div class=\"elementor-column elementor-col-100 elementor-top-column elementor-element elementor-element-a0b5f3e\" data-id=\"a0b5f3e\" data-element_type=\"column\" data-e-type=\"column\">\n\t\t\t<div class=\"elementor-widget-wrap elementor-element-populated\">\n\t\t\t\t\t\t<div class=\"elementor-element elementor-element-8dcd102 elementor-widget elementor-widget-dilabspricingplan\" data-id=\"8dcd102\" data-element_type=\"widget\" data-e-type=\"widget\" data-widget_type=\"dilabspricingplan.default\">\n\t\t\t\t<div class=\"elementor-widget-container\">\n\t\t\t\t\t<div class=\"pricing-area pricing-gird\"><div class=\"container\"><div class=\"pricing-style-two-items\"><div class=\"row\"><div class=\"col-xl-4 col-md-6 mb-30\"><div class=\"pricing-style-two \"><div class=\"pricing-header\"><h4>Basic<\/h4><p>Low cost &amp; affordable services to get you started very soon.<\/p><\/div><div class=\"pricing-content\"><div class=\"price\"><h2><strong>Free<\/strong><\/h2><\/div><ul><li><i class=\"fas fa-check-circle\"><\/i> Increase traffic 130%<\/li><li><i class=\"fas fa-check-circle\"><\/i> Organic traffic 215%<\/li><li><i class=\"fas fa-times-circle\"><\/i> 10 Free Optimization<\/li><\/ul><a class=\"btn mt-30 btn-sm btn-dark effect\" href=\"https:\/\/wordpress.validthemes.net\/dilabs\/contact-us\/\">Select Plan<\/a><\/div><\/div><\/div><!-- End Single Itme --><div class=\"col-xl-4 col-md-6 mb-30\"><div class=\"pricing-style-two active\"><div class=\"pricing-header\"><h4>Premium<\/h4><p>Increased processing power with multiple sites, storage.<\/p><\/div><div class=\"pricing-content\"><div class=\"price\"><h2><sup>$<\/sup>29 <sub>\/ Monthly<\/sub><\/h2><\/div><ul><li><i class=\"fas fa-check-circle\"><\/i> 1,300 Keywords<\/li><li><i class=\"fas fa-check-circle\"><\/i> SEO Optimized<\/li><li><i class=\"fas fa-check-circle\"><\/i> Live Support<\/li><\/ul><a class=\"btn mt-30 btn-sm btn-light effect\" href=\"https:\/\/wordpress.validthemes.net\/dilabs\/contact-us\/\">Select Plan<\/a><\/div><\/div><\/div><!-- End Single Itme --><div class=\"col-xl-4 col-md-6 mb-30\"><div class=\"pricing-style-two \"><div class=\"pricing-header\"><h4>Advanced<\/h4><p>Target is processing power with multiple sites, storage.<\/p><\/div><div class=\"pricing-content\"><div class=\"price\"><h2><sup>$<\/sup>58 <sub>\/ Monthly<\/sub><\/h2><\/div><ul>\n                                    <li><i class=\"fas fa-check-circle\"><\/i> Increase traffic 130%<\/li>\n                                    <li><i class=\"fas fa-check-circle\"><\/i> Backlink analysis<\/li>\n                                    <li><i class=\"fas fa-times-circle\"><\/i> 10 Free Optimization<\/li>\n                                <\/ul><a class=\"btn mt-30 btn-sm btn-dark effect\" href=\"https:\/\/wordpress.validthemes.net\/dilabs\/contact-us\/\">Select Plan<\/a><\/div><\/div><\/div><!-- End Single Itme --><\/div><\/div><\/div><\/div>\t\t\t\t<\/div>\n\t\t\t\t<\/div>\n\t\t\t\t\t<\/div>\n\t\t<\/div>\n\t\t\t\t\t<\/div>\n\t\t<\/section>\n\t\t\t\t<section class=\"elementor-section elementor-top-section elementor-element elementor-element-b38aadc elementor-section-full_width elementor-section-height-default elementor-section-height-default\" data-id=\"b38aadc\" data-element_type=\"section\" data-e-type=\"section\" data-settings=\"{&quot;background_background&quot;:&quot;classic&quot;}\">\n\t\t\t\t\t\t<div class=\"elementor-container elementor-column-gap-no\">\n\t\t\t\t\t<div class=\"elementor-column elementor-col-100 elementor-top-column elementor-element elementor-element-ce78132\" data-id=\"ce78132\" data-element_type=\"column\" data-e-type=\"column\">\n\t\t\t<div class=\"elementor-widget-wrap elementor-element-populated\">\n\t\t\t\t\t\t<div class=\"elementor-element elementor-element-9306639 elementor-widget elementor-widget-dilabshireme\" data-id=\"9306639\" data-element_type=\"widget\" data-e-type=\"widget\" data-widget_type=\"dilabshireme.default\">\n\t\t\t\t<div class=\"elementor-widget-container\">\n\t\t\t\t\t<!-----------------------Start Contact Form-----------------------><div class=\"project-deal-area text-center default-padding bg-gray\"><div class=\"deal-illustration\"><img decoding=\"async\" src=\"https:\/\/wordpress.validthemes.net\/dilabs\/wp-content\/uploads\/2023\/06\/8.png\" alt=\"Elspect%20 %20Pomiary%20Elektryczne\"  \/><\/div><div class=\"arrow-illustration\"><img decoding=\"async\" src=\"https:\/\/wordpress.validthemes.net\/dilabs\/wp-content\/uploads\/2023\/06\/9.png\" alt=\"Elspect%20 %20Pomiary%20Elektryczne\"  \/><\/div><div class=\"container\"><div class=\"row\"><div class=\"col-lg-8 offset-lg-2\"><div class=\"project-deal\"><h2 class=\"title\">Are you an <strong>enterprise<\/strong> <br> and need a custom plan?<\/h2><a class=\"btn mt-30 btn-md circle btn-gradient animation\" href=\"#\">Send Message<\/a><\/div><\/div><\/div><\/div><\/div><!-----------------------End Contact Form----------------------->\t\t\t\t<\/div>\n\t\t\t\t<\/div>\n\t\t\t\t\t<\/div>\n\t\t<\/div>\n\t\t\t\t\t<\/div>\n\t\t<\/section>\n\t\t\t\t<\/div>\n\t\t","protected":false},"excerpt":{"rendered":"<p>Basic Low cost &amp; affordable services to get you started very soon. Free Increase traffic 130% Organic traffic 215% 10 Free Optimization Select Plan Premium Increased processing power with multiple sites, storage. $29 \/ Monthly 1,300 Keywords SEO Optimized Live Support Select Plan Advanced Target is processing power with multiple sites, storage. $58 \/ Monthly&#8230;<\/p>\n","protected":false},"author":1,"featured_media":0,"parent":0,"menu_order":0,"comment_status":"closed","ping_status":"closed","template":"template-builder.php","meta":{"_acf_changed":false,"footnotes":""},"class_list":["post-679","page","type-page","status-publish","hentry"],"acf":[],"yoast_head":"<!-- This site is optimized with the Yoast SEO plugin v27.1.1 - https:\/\/yoast.com\/product\/yoast-seo-wordpress\/ -->\n<title>Pricing - Elspect - Pomiary Elektryczne<\/title>\n<meta name=\"robots\" content=\"index, follow, max-snippet:-1, max-image-preview:large, max-video-preview:-1\" \/>\n<link rel=\"canonical\" href=\"https:\/\/elspect.pl\/index.php\/pricing\/\" \/>\n<meta property=\"og:locale\" content=\"pl_PL\" \/>\n<meta property=\"og:type\" content=\"article\" \/>\n<meta property=\"og:title\" content=\"Pricing - Elspect - Pomiary Elektryczne\" \/>\n<meta property=\"og:description\" content=\"Basic Low cost &amp; affordable services to get you started very soon. Free Increase traffic 130% Organic traffic 215% 10 Free Optimization Select Plan Premium Increased processing power with multiple sites, storage. $29 \/ Monthly 1,300 Keywords SEO Optimized Live Support Select Plan Advanced Target is processing power with multiple sites, storage. $58 \/ Monthly...\" \/>\n<meta property=\"og:url\" content=\"https:\/\/elspect.pl\/index.php\/pricing\/\" \/>\n<meta property=\"og:site_name\" content=\"Elspect - Pomiary Elektryczne\" \/>\n<meta property=\"article:modified_time\" content=\"2024-06-14T12:58:25+00:00\" \/>\n<meta property=\"og:image\" content=\"https:\/\/elspect.pl\/wp-content\/uploads\/2023\/06\/8-1.png\" \/>\n<meta name=\"twitter:card\" content=\"summary_large_image\" \/>\n<script type=\"application\/ld+json\" class=\"yoast-schema-graph\">{\"@context\":\"https:\/\/schema.org\",\"@graph\":[{\"@type\":\"WebPage\",\"@id\":\"https:\/\/elspect.pl\/index.php\/pricing\/\",\"url\":\"https:\/\/elspect.pl\/index.php\/pricing\/\",\"name\":\"Pricing - Elspect - Pomiary Elektryczne\",\"isPartOf\":{\"@id\":\"https:\/\/elspect.pl\/#website\"},\"primaryImageOfPage\":{\"@id\":\"https:\/\/elspect.pl\/index.php\/pricing\/#primaryimage\"},\"image\":{\"@id\":\"https:\/\/elspect.pl\/index.php\/pricing\/#primaryimage\"},\"thumbnailUrl\":\"https:\/\/elspect.pl\/wp-content\/uploads\/2023\/06\/8-1.png\",\"datePublished\":\"2023-06-11T18:32:52+00:00\",\"dateModified\":\"2024-06-14T12:58:25+00:00\",\"breadcrumb\":{\"@id\":\"https:\/\/elspect.pl\/index.php\/pricing\/#breadcrumb\"},\"inLanguage\":\"pl-PL\",\"potentialAction\":[{\"@type\":\"ReadAction\",\"target\":[\"https:\/\/elspect.pl\/index.php\/pricing\/\"]}]},{\"@type\":\"ImageObject\",\"inLanguage\":\"pl-PL\",\"@id\":\"https:\/\/elspect.pl\/index.php\/pricing\/#primaryimage\",\"url\":\"https:\/\/elspect.pl\/wp-content\/uploads\/2023\/06\/8-1.png\",\"contentUrl\":\"https:\/\/elspect.pl\/wp-content\/uploads\/2023\/06\/8-1.png\",\"width\":302,\"height\":415},{\"@type\":\"BreadcrumbList\",\"@id\":\"https:\/\/elspect.pl\/index.php\/pricing\/#breadcrumb\",\"itemListElement\":[{\"@type\":\"ListItem\",\"position\":1,\"name\":\"Strona g\u0142\u00f3wna\",\"item\":\"https:\/\/elspect.pl\/\"},{\"@type\":\"ListItem\",\"position\":2,\"name\":\"Pricing\"}]},{\"@type\":\"WebSite\",\"@id\":\"https:\/\/elspect.pl\/#website\",\"url\":\"https:\/\/elspect.pl\/\",\"name\":\"Elspect - Pomiary Elektryczne\",\"description\":\"Przekszta\u0142\u0107 energi\u0119 w oszcz\u0119dno\u015bci z ELSPECT Group.\",\"potentialAction\":[{\"@type\":\"SearchAction\",\"target\":{\"@type\":\"EntryPoint\",\"urlTemplate\":\"https:\/\/elspect.pl\/?s={search_term_string}\"},\"query-input\":{\"@type\":\"PropertyValueSpecification\",\"valueRequired\":true,\"valueName\":\"search_term_string\"}}],\"inLanguage\":\"pl-PL\"}]}<\/script>\n<!-- \/ Yoast SEO plugin. -->","yoast_head_json":{"title":"Pricing - Elspect - Pomiary Elektryczne","robots":{"index":"index","follow":"follow","max-snippet":"max-snippet:-1","max-image-preview":"max-image-preview:large","max-video-preview":"max-video-preview:-1"},"canonical":"https:\/\/elspect.pl\/index.php\/pricing\/","og_locale":"pl_PL","og_type":"article","og_title":"Pricing - Elspect - Pomiary Elektryczne","og_description":"Basic Low cost &amp; affordable services to get you started very soon. Free Increase traffic 130% Organic traffic 215% 10 Free Optimization Select Plan Premium Increased processing power with multiple sites, storage. $29 \/ Monthly 1,300 Keywords SEO Optimized Live Support Select Plan Advanced Target is processing power with multiple sites, storage. $58 \/ Monthly...","og_url":"https:\/\/elspect.pl\/index.php\/pricing\/","og_site_name":"Elspect - Pomiary Elektryczne","article_modified_time":"2024-06-14T12:58:25+00:00","og_image":[{"url":"https:\/\/elspect.pl\/wp-content\/uploads\/2023\/06\/8-1.png","type":"","width":"","height":""}],"twitter_card":"summary_large_image","schema":{"@context":"https:\/\/schema.org","@graph":[{"@type":"WebPage","@id":"https:\/\/elspect.pl\/index.php\/pricing\/","url":"https:\/\/elspect.pl\/index.php\/pricing\/","name":"Pricing - Elspect - Pomiary Elektryczne","isPartOf":{"@id":"https:\/\/elspect.pl\/#website"},"primaryImageOfPage":{"@id":"https:\/\/elspect.pl\/index.php\/pricing\/#primaryimage"},"image":{"@id":"https:\/\/elspect.pl\/index.php\/pricing\/#primaryimage"},"thumbnailUrl":"https:\/\/elspect.pl\/wp-content\/uploads\/2023\/06\/8-1.png","datePublished":"2023-06-11T18:32:52+00:00","dateModified":"2024-06-14T12:58:25+00:00","breadcrumb":{"@id":"https:\/\/elspect.pl\/index.php\/pricing\/#breadcrumb"},"inLanguage":"pl-PL","potentialAction":[{"@type":"ReadAction","target":["https:\/\/elspect.pl\/index.php\/pricing\/"]}]},{"@type":"ImageObject","inLanguage":"pl-PL","@id":"https:\/\/elspect.pl\/index.php\/pricing\/#primaryimage","url":"https:\/\/elspect.pl\/wp-content\/uploads\/2023\/06\/8-1.png","contentUrl":"https:\/\/elspect.pl\/wp-content\/uploads\/2023\/06\/8-1.png","width":302,"height":415},{"@type":"BreadcrumbList","@id":"https:\/\/elspect.pl\/index.php\/pricing\/#breadcrumb","itemListElement":[{"@type":"ListItem","position":1,"name":"Strona g\u0142\u00f3wna","item":"https:\/\/elspect.pl\/"},{"@type":"ListItem","position":2,"name":"Pricing"}]},{"@type":"WebSite","@id":"https:\/\/elspect.pl\/#website","url":"https:\/\/elspect.pl\/","name":"Elspect - Pomiary Elektryczne","description":"Przekszta\u0142\u0107 energi\u0119 w oszcz\u0119dno\u015bci z ELSPECT Group.","potentialAction":[{"@type":"SearchAction","target":{"@type":"EntryPoint","urlTemplate":"https:\/\/elspect.pl\/?s={search_term_string}"},"query-input":{"@type":"PropertyValueSpecification","valueRequired":true,"valueName":"search_term_string"}}],"inLanguage":"pl-PL"}]}},"_links":{"self":[{"href":"https:\/\/elspect.pl\/index.php\/wp-json\/wp\/v2\/pages\/679","targetHints":{"allow":["GET"]}}],"collection":[{"href":"https:\/\/elspect.pl\/index.php\/wp-json\/wp\/v2\/pages"}],"about":[{"href":"https:\/\/elspect.pl\/index.php\/wp-json\/wp\/v2\/types\/page"}],"author":[{"embeddable":true,"href":"https:\/\/elspect.pl\/index.php\/wp-json\/wp\/v2\/users\/1"}],"replies":[{"embeddable":true,"href":"https:\/\/elspect.pl\/index.php\/wp-json\/wp\/v2\/comments?post=679"}],"version-history":[{"count":1,"href":"https:\/\/elspect.pl\/index.php\/wp-json\/wp\/v2\/pages\/679\/revisions"}],"predecessor-version":[{"id":2565,"href":"https:\/\/elspect.pl\/index.php\/wp-json\/wp\/v2\/pages\/679\/revisions\/2565"}],"wp:attachment":[{"href":"https:\/\/elspect.pl\/index.php\/wp-json\/wp\/v2\/media?parent=679"}],"curies":[{"name":"wp","href":"https:\/\/api.w.org\/{rel}","templated":true}]}}