{"id":3442,"date":"2024-12-09T19:48:51","date_gmt":"2024-12-09T18:48:51","guid":{"rendered":"https:\/\/elspect.sky-design.pl\/?page_id=3442"},"modified":"2025-01-07T20:08:24","modified_gmt":"2025-01-07T19:08:24","slug":"audyt-energetyczny-w-24h","status":"publish","type":"page","link":"https:\/\/elspect.pl\/index.php\/audyt-energetyczny-w-24h\/","title":{"rendered":"Audyt Energetyczny w 24h"},"content":{"rendered":"\t\t<div data-elementor-type=\"wp-page\" data-elementor-id=\"3442\" class=\"elementor elementor-3442\" data-elementor-post-type=\"page\">\n\t\t\t\t<div class=\"elementor-element elementor-element-8e316f8 e-con-full e-flex e-con e-parent\" data-id=\"8e316f8\" data-element_type=\"container\" data-e-type=\"container\">\n\t\t<div class=\"elementor-element elementor-element-ec198aa e-con-full e-flex e-con e-child\" data-id=\"ec198aa\" data-element_type=\"container\" data-e-type=\"container\">\n\t\t\t\t<div class=\"elementor-element elementor-element-08bf88d elementor-widget elementor-widget-dilabscontactinfo\" data-id=\"08bf88d\" data-element_type=\"widget\" data-e-type=\"widget\" data-widget_type=\"dilabscontactinfo.default\">\n\t\t\t\t<div class=\"elementor-widget-container\">\n\t\t\t\t\t<div class=\"contact-area overflow-hidden default-padding\" style=\"background-image: url(https:\/\/elspect.pl\/wp-content\/uploads\/2024\/11\/background-contact-2.png);\"><div class=\"shape-right-bottom\"><img decoding=\"async\" src=\"\" alt=\"Shape\"><\/div><div class=\"container\"><div class=\"row align-center\"><div class=\"col-tact-stye-one col-lg-6\"><div class=\"contact-form-style-one\"><h4 class=\"sub-title\">Zapytaj o audyt<\/h4> <h2 class=\"title\">Wype\u0142nij formularz \u017ceby uzyska\u0107 audyt w 24h\n<\/h2>\n<div class=\"wpcf7 no-js\" id=\"wpcf7-f3448-o1\" lang=\"en-US\" dir=\"ltr\" data-wpcf7-id=\"3448\">\n<div class=\"screen-reader-response\"><p role=\"status\" aria-live=\"polite\" aria-atomic=\"true\"><\/p> <ul><\/ul><\/div>\n<form action=\"\/index.php\/wp-json\/wp\/v2\/pages\/3442#wpcf7-f3448-o1\" method=\"post\" class=\"wpcf7-form init\" aria-label=\"Contact form\" enctype=\"multipart\/form-data\" novalidate=\"novalidate\" data-status=\"init\">\n<fieldset class=\"hidden-fields-container\"><input type=\"hidden\" name=\"_wpcf7\" value=\"3448\" \/><input type=\"hidden\" name=\"_wpcf7_version\" value=\"6.1.5\" \/><input type=\"hidden\" name=\"_wpcf7_locale\" value=\"en_US\" \/><input type=\"hidden\" name=\"_wpcf7_unit_tag\" value=\"wpcf7-f3448-o1\" \/><input type=\"hidden\" name=\"_wpcf7_container_post\" value=\"0\" \/><input type=\"hidden\" name=\"_wpcf7_posted_data_hash\" value=\"\" \/>\n<\/fieldset>\n<div class=\"contact-form contact-form\">\n\t<div class=\"row\">\n\t\t<div class=\"col-lg-6\">\n\t\t\t<div class=\"form-group\">\n\t\t\t\t<p><span class=\"wpcf7-form-control-wrap\" data-name=\"name\"><input size=\"40\" maxlength=\"400\" class=\"wpcf7-form-control wpcf7-text wpcf7-validates-as-required form-control\" id=\"name-001\" aria-required=\"true\" aria-invalid=\"false\" placeholder=\"Imi\u0119*\" value=\"\" type=\"text\" name=\"name\" \/><\/span>\n\t\t\t\t<\/p>\n\t\t\t<\/div>\n\t\t<\/div>\n\t\t<div class=\"col-lg-6\">\n\t\t\t<div class=\"form-group\">\n\t\t\t\t<p><span class=\"wpcf7-form-control-wrap\" data-name=\"company-name\"><input size=\"40\" maxlength=\"400\" class=\"wpcf7-form-control wpcf7-text wpcf7-validates-as-required form-control\" id=\"company-name\" aria-required=\"true\" aria-invalid=\"false\" placeholder=\"Nazwa firmy*\" value=\"\" type=\"text\" name=\"company-name\" \/><\/span>\n\t\t\t\t<\/p>\n\t\t\t<\/div>\n\t\t<\/div>\n\t<\/div>\n\t<div class=\"row\">\n\t\t<div class=\"col-lg-6\">\n\t\t\t<div class=\"form-group\">\n\t\t\t\t<p><span class=\"wpcf7-form-control-wrap\" data-name=\"email\"><input size=\"40\" maxlength=\"400\" class=\"wpcf7-form-control wpcf7-email wpcf7-validates-as-required wpcf7-text wpcf7-validates-as-email form-control\" id=\"email-001\" aria-required=\"true\" aria-invalid=\"false\" placeholder=\"Email*\" value=\"\" type=\"email\" name=\"email\" \/><\/span>\n\t\t\t\t<\/p>\n\t\t\t<\/div>\n\t\t<\/div>\n\t\t<div class=\"col-lg-6\">\n\t\t\t<div class=\"form-group\">\n\t\t\t\t<p><span class=\"wpcf7-form-control-wrap\" data-name=\"phone-number\"><input size=\"40\" maxlength=\"400\" class=\"wpcf7-form-control wpcf7-text wpcf7-validates-as-required form-control\" id=\"phone-number\" aria-required=\"true\" aria-invalid=\"false\" placeholder=\"Telefon*\" value=\"\" type=\"text\" name=\"phone-number\" \/><\/span>\n\t\t\t\t<\/p>\n\t\t\t<\/div>\n\t\t<\/div>\n\t<\/div>\n\t<div class=\"row\">\n\t\t<div class=\"col-lg-12\">\n\t\t\t<div class=\"form-group\">\n\t\t\t\t<p>Wybierz grup\u0119 taryfow\u0105:\n\t\t\t\t<\/p>\n\t\t\t\t<p><span class=\"wpcf7-form-control-wrap\" data-name=\"grupa-taryfowa\"><select class=\"wpcf7-form-control wpcf7-select wpcf7-validates-as-required\" aria-required=\"true\" aria-invalid=\"false\" name=\"grupa-taryfowa\"><option value=\"Grupa B\">Grupa B<\/option><option value=\"Grupa C\">Grupa C<\/option><option value=\"Inne\">Inne<\/option><\/select><\/span>\n\t\t\t\t<\/p>\n\t\t\t<\/div>\n\t\t<\/div>\n\t<\/div>\n\t<div class=\"row\">\n\t\t<div class=\"col-lg-12\">\n\t\t\t<div class=\"form-group\">\n\t\t\t\t<p>Prosimy o za\u0142\u0105czenie ostatniej faktury za energi\u0119 elektryczn\u0105, aby nasi specjali\u015bci mogli przygotowa\u0107 dok\u0142adniejszy audyt.\n\t\t\t\t<\/p>\n\t\t\t\t<p><span class=\"wpcf7-form-control-wrap\" data-name=\"file-upload\"><input size=\"40\" class=\"wpcf7-form-control wpcf7-file form-control\" id=\"file-upload\" accept=\"audio\/*,video\/*,image\/*\" aria-invalid=\"false\" type=\"file\" name=\"file-upload\" \/><\/span>\n\t\t\t\t<\/p>\n\t\t\t<\/div>\n\t\t<\/div>\n\t<\/div>\n\t<div class=\"sky-acceptance\">\n\t\t<p><span class=\"wpcf7-form-control-wrap\" data-name=\"accept-2\"><span class=\"wpcf7-form-control wpcf7-acceptance\"><span class=\"wpcf7-list-item\"><label><input type=\"checkbox\" name=\"accept-2\" value=\"1\" aria-invalid=\"false\" \/><span class=\"wpcf7-list-item-label\">Wyra\u017cam zgod\u0119 na przetwarzanie moich danych osobowych zgodnie z Og\u00f3lnym Rozporz\u0105dzeniem o Ochronie Danych w zwi\u0105zku z przes\u0142aniem zapytania ofertowego za po\u015brednictwem formularza kontaktowego. Podanie danych jest dobrowolne, ale niezb\u0119dne do przetworzenia zapytania.<\/span><\/label><\/span><\/span><\/span>\n\t\t<\/p>\n\t<\/div>\n\t<div class=\"row\">\n\t\t<div class=\"col-lg-12\">\n\t\t\t<p><button type=\"submit\" class=\"wpcf7\" name=\"submit\" id=\"submit\"><i class=\"fa fa-paper-plane\"><\/i> Wy\u015blij wiadomo\u015b\u0107<\/button>\n\t\t\t<\/p>\n\t\t<\/div>\n\t<\/div>\n <!-- Alert Message -->\n\t<div class=\"col-lg-12 alert-notification\">\n\t\t<div id=\"message\" class=\"alert-msg\">\n\t\t<\/div>\n\t<\/div>\n<\/div><div class=\"wpcf7-response-output\" aria-hidden=\"true\"><\/div>\n<\/form>\n<\/div>\n<\/div><\/div><div class=\"col-tact-stye-one col-lg-5 offset-lg-1 mt--80 mt-md-50 mt-xs-50\"><div class=\"contact-style-one-info\"><div class=\"mb-40\"><\/div><ul class=\"contact-address\"><li class=\"wow fadeInUp\"><div class=\"content\"><h4 class=\"title\">Wolisz kontakt telefoniczny? Zadzwo\u0144 a Nasi eksperci pomog\u0105 Ci z obni\u017ceniem koszt\u00f3w za energi\u0119. <\/h4><a href=\"tel:+48697568747\">+48 697 568 747<\/a><\/div><\/li><li class=\"wow fadeInUp\" data-wow-delay=\"700ms\"><div class=\"info\"><ul class=\"social-link\"> <li><a  target=\"_blank\" rel=\"nofollow\" href=\"https:\/\/www.facebook.com\/elspectpomiaryelektryczne\"><i aria-hidden=\"true\" class=\"fab fa-facebook-f\"><\/i><\/a>  <\/li><\/ul><\/div><\/li><\/ul><\/div><\/div><\/div><\/div><\/div>\t\t\t\t<\/div>\n\t\t\t\t<\/div>\n\t\t\t\t<\/div>\n\t\t\t\t<\/div>\n\t\t\t\t<\/div>\n\t\t","protected":false},"excerpt":{"rendered":"<p>Zapytaj o audyt Wype\u0142nij formularz \u017ceby uzyska\u0107 audyt w 24h Wybierz grup\u0119 taryfow\u0105: Grupa BGrupa CInne Prosimy o za\u0142\u0105czenie ostatniej faktury za energi\u0119 elektryczn\u0105, aby nasi specjali\u015bci mogli przygotowa\u0107 dok\u0142adniejszy audyt. Wyra\u017cam zgod\u0119 na przetwarzanie moich danych osobowych zgodnie z Og\u00f3lnym Rozporz\u0105dzeniem o Ochronie Danych w zwi\u0105zku z przes\u0142aniem zapytania ofertowego za po\u015brednictwem formularza kontaktowego&#8230;.<\/p>\n","protected":false},"author":1,"featured_media":0,"parent":0,"menu_order":0,"comment_status":"closed","ping_status":"closed","template":"elementor_header_footer","meta":{"_acf_changed":false,"footnotes":""},"class_list":["post-3442","page","type-page","status-publish","hentry"],"acf":[],"yoast_head":"<!-- This site is optimized with the Yoast SEO plugin v27.1.1 - https:\/\/yoast.com\/product\/yoast-seo-wordpress\/ -->\n<title>Audyt Energetyczny w 24h - Elspect - Pomiary Elektryczne<\/title>\n<meta name=\"robots\" content=\"index, follow, max-snippet:-1, max-image-preview:large, max-video-preview:-1\" \/>\n<link rel=\"canonical\" href=\"https:\/\/elspect.pl\/index.php\/audyt-energetyczny-w-24h\/\" \/>\n<meta property=\"og:locale\" content=\"pl_PL\" \/>\n<meta property=\"og:type\" content=\"article\" \/>\n<meta property=\"og:title\" content=\"Audyt Energetyczny w 24h - Elspect - Pomiary Elektryczne\" \/>\n<meta property=\"og:description\" content=\"Zapytaj o audyt Wype\u0142nij formularz \u017ceby uzyska\u0107 audyt w 24h Wybierz grup\u0119 taryfow\u0105: Grupa BGrupa CInne Prosimy o za\u0142\u0105czenie ostatniej faktury za energi\u0119 elektryczn\u0105, aby nasi specjali\u015bci mogli przygotowa\u0107 dok\u0142adniejszy audyt. Wyra\u017cam zgod\u0119 na przetwarzanie moich danych osobowych zgodnie z Og\u00f3lnym Rozporz\u0105dzeniem o Ochronie Danych w zwi\u0105zku z przes\u0142aniem zapytania ofertowego za po\u015brednictwem formularza kontaktowego....\" \/>\n<meta property=\"og:url\" content=\"https:\/\/elspect.pl\/index.php\/audyt-energetyczny-w-24h\/\" \/>\n<meta property=\"og:site_name\" content=\"Elspect - Pomiary Elektryczne\" \/>\n<meta property=\"article:modified_time\" content=\"2025-01-07T19:08:24+00:00\" \/>\n<meta name=\"twitter:card\" content=\"summary_large_image\" \/>\n<meta name=\"twitter:label1\" content=\"Szacowany czas czytania\" \/>\n\t<meta name=\"twitter:data1\" content=\"1 minuta\" \/>\n<script type=\"application\/ld+json\" class=\"yoast-schema-graph\">{\"@context\":\"https:\/\/schema.org\",\"@graph\":[{\"@type\":\"WebPage\",\"@id\":\"https:\/\/elspect.pl\/index.php\/audyt-energetyczny-w-24h\/\",\"url\":\"https:\/\/elspect.pl\/index.php\/audyt-energetyczny-w-24h\/\",\"name\":\"Audyt Energetyczny w 24h - Elspect - Pomiary Elektryczne\",\"isPartOf\":{\"@id\":\"https:\/\/elspect.pl\/#website\"},\"datePublished\":\"2024-12-09T18:48:51+00:00\",\"dateModified\":\"2025-01-07T19:08:24+00:00\",\"breadcrumb\":{\"@id\":\"https:\/\/elspect.pl\/index.php\/audyt-energetyczny-w-24h\/#breadcrumb\"},\"inLanguage\":\"pl-PL\",\"potentialAction\":[{\"@type\":\"ReadAction\",\"target\":[\"https:\/\/elspect.pl\/index.php\/audyt-energetyczny-w-24h\/\"]}]},{\"@type\":\"BreadcrumbList\",\"@id\":\"https:\/\/elspect.pl\/index.php\/audyt-energetyczny-w-24h\/#breadcrumb\",\"itemListElement\":[{\"@type\":\"ListItem\",\"position\":1,\"name\":\"Strona g\u0142\u00f3wna\",\"item\":\"https:\/\/elspect.pl\/\"},{\"@type\":\"ListItem\",\"position\":2,\"name\":\"Audyt Energetyczny w 24h\"}]},{\"@type\":\"WebSite\",\"@id\":\"https:\/\/elspect.pl\/#website\",\"url\":\"https:\/\/elspect.pl\/\",\"name\":\"Elspect - Pomiary Elektryczne\",\"description\":\"Przekszta\u0142\u0107 energi\u0119 w oszcz\u0119dno\u015bci z ELSPECT Group.\",\"potentialAction\":[{\"@type\":\"SearchAction\",\"target\":{\"@type\":\"EntryPoint\",\"urlTemplate\":\"https:\/\/elspect.pl\/?s={search_term_string}\"},\"query-input\":{\"@type\":\"PropertyValueSpecification\",\"valueRequired\":true,\"valueName\":\"search_term_string\"}}],\"inLanguage\":\"pl-PL\"}]}<\/script>\n<!-- \/ Yoast SEO plugin. -->","yoast_head_json":{"title":"Audyt Energetyczny w 24h - Elspect - Pomiary Elektryczne","robots":{"index":"index","follow":"follow","max-snippet":"max-snippet:-1","max-image-preview":"max-image-preview:large","max-video-preview":"max-video-preview:-1"},"canonical":"https:\/\/elspect.pl\/index.php\/audyt-energetyczny-w-24h\/","og_locale":"pl_PL","og_type":"article","og_title":"Audyt Energetyczny w 24h - Elspect - Pomiary Elektryczne","og_description":"Zapytaj o audyt Wype\u0142nij formularz \u017ceby uzyska\u0107 audyt w 24h Wybierz grup\u0119 taryfow\u0105: Grupa BGrupa CInne Prosimy o za\u0142\u0105czenie ostatniej faktury za energi\u0119 elektryczn\u0105, aby nasi specjali\u015bci mogli przygotowa\u0107 dok\u0142adniejszy audyt. Wyra\u017cam zgod\u0119 na przetwarzanie moich danych osobowych zgodnie z Og\u00f3lnym Rozporz\u0105dzeniem o Ochronie Danych w zwi\u0105zku z przes\u0142aniem zapytania ofertowego za po\u015brednictwem formularza kontaktowego....","og_url":"https:\/\/elspect.pl\/index.php\/audyt-energetyczny-w-24h\/","og_site_name":"Elspect - Pomiary Elektryczne","article_modified_time":"2025-01-07T19:08:24+00:00","twitter_card":"summary_large_image","twitter_misc":{"Szacowany czas czytania":"1 minuta"},"schema":{"@context":"https:\/\/schema.org","@graph":[{"@type":"WebPage","@id":"https:\/\/elspect.pl\/index.php\/audyt-energetyczny-w-24h\/","url":"https:\/\/elspect.pl\/index.php\/audyt-energetyczny-w-24h\/","name":"Audyt Energetyczny w 24h - Elspect - Pomiary Elektryczne","isPartOf":{"@id":"https:\/\/elspect.pl\/#website"},"datePublished":"2024-12-09T18:48:51+00:00","dateModified":"2025-01-07T19:08:24+00:00","breadcrumb":{"@id":"https:\/\/elspect.pl\/index.php\/audyt-energetyczny-w-24h\/#breadcrumb"},"inLanguage":"pl-PL","potentialAction":[{"@type":"ReadAction","target":["https:\/\/elspect.pl\/index.php\/audyt-energetyczny-w-24h\/"]}]},{"@type":"BreadcrumbList","@id":"https:\/\/elspect.pl\/index.php\/audyt-energetyczny-w-24h\/#breadcrumb","itemListElement":[{"@type":"ListItem","position":1,"name":"Strona g\u0142\u00f3wna","item":"https:\/\/elspect.pl\/"},{"@type":"ListItem","position":2,"name":"Audyt Energetyczny w 24h"}]},{"@type":"WebSite","@id":"https:\/\/elspect.pl\/#website","url":"https:\/\/elspect.pl\/","name":"Elspect - Pomiary Elektryczne","description":"Przekszta\u0142\u0107 energi\u0119 w oszcz\u0119dno\u015bci z ELSPECT Group.","potentialAction":[{"@type":"SearchAction","target":{"@type":"EntryPoint","urlTemplate":"https:\/\/elspect.pl\/?s={search_term_string}"},"query-input":{"@type":"PropertyValueSpecification","valueRequired":true,"valueName":"search_term_string"}}],"inLanguage":"pl-PL"}]}},"_links":{"self":[{"href":"https:\/\/elspect.pl\/index.php\/wp-json\/wp\/v2\/pages\/3442","targetHints":{"allow":["GET"]}}],"collection":[{"href":"https:\/\/elspect.pl\/index.php\/wp-json\/wp\/v2\/pages"}],"about":[{"href":"https:\/\/elspect.pl\/index.php\/wp-json\/wp\/v2\/types\/page"}],"author":[{"embeddable":true,"href":"https:\/\/elspect.pl\/index.php\/wp-json\/wp\/v2\/users\/1"}],"replies":[{"embeddable":true,"href":"https:\/\/elspect.pl\/index.php\/wp-json\/wp\/v2\/comments?post=3442"}],"version-history":[{"count":32,"href":"https:\/\/elspect.pl\/index.php\/wp-json\/wp\/v2\/pages\/3442\/revisions"}],"predecessor-version":[{"id":3672,"href":"https:\/\/elspect.pl\/index.php\/wp-json\/wp\/v2\/pages\/3442\/revisions\/3672"}],"wp:attachment":[{"href":"https:\/\/elspect.pl\/index.php\/wp-json\/wp\/v2\/media?parent=3442"}],"curies":[{"name":"wp","href":"https:\/\/api.w.org\/{rel}","templated":true}]}}